{"id":18164,"date":"2015-04-23T23:21:02","date_gmt":"2015-04-23T21:21:02","guid":{"rendered":"https:\/\/rue-oktoberfest.de\/veelgestelde-vragen\/"},"modified":"2026-04-23T14:35:47","modified_gmt":"2026-04-23T12:35:47","slug":"veelgestelde-vragen","status":"publish","type":"page","link":"https:\/\/rue-oktoberfest.de\/nl\/veelgestelde-vragen\/","title":{"rendered":"Veelgestelde vragen"},"content":{"rendered":"<div class=\"wpb-content-wrapper\"><div class=\"wpb-content-wrapper\">\n<div class=\"wpb-content-wrapper\">\n<div class=\"wpb-content-wrapper\">\n<p>[vc_row css_animation=&#8220;&#8220; row_type=&#8220;row&#8220; use_row_as_full_screen_section=&#8220;no&#8220; type=&#8220;full_width&#8220; angled_section=&#8220;no&#8220; text_align=&#8220;left&#8220; background_image_as_pattern=&#8220;without_pattern&#8220;][vc_column][vc_column_text]<\/p>\n<h2 style=\"text-align: center;\">Veelgestelde vragen (FAQ)<\/h2>\n<p>[\/vc_column_text][vc_empty_space][\/vc_column][\/vc_row][vc_row css_animation=&#8220;&#8220; row_type=&#8220;row&#8220; use_row_as_full_screen_section=&#8220;no&#8220; type=&#8220;full_width&#8220; angled_section=&#8220;no&#8220; text_align=&#8220;left&#8220; background_image_as_pattern=&#8220;without_pattern&#8220; css=&#8220;.vc_custom_1571584165014{margin-top: 32px !important;}&#8220; z_index=&#8220;&#8220;][vc_column][vc_row_inner row_type=&#8220;row&#8220; type=&#8220;full_width&#8220; text_align=&#8220;left&#8220; css_animation=&#8220;&#8220;][vc_column_inner width=&#8220;1\/4&#8243;]<span data-type=\"square\" class=\"qode_icon_shortcode fa-stack q_font_awsome_icon_square fa-2x pull-center q_icon_animation\" style=\"background-color: #3f3b00;  \"><i class=\"qode_icon_font_awesome fa fa-ticket qode_icon_element\" style=\"\"><\/i><\/span>[\/vc_column_inner][vc_column_inner width=&#8220;3\/4&#8243;][vc_column_text css=&#8220;&#8220;]<\/p>\n<h4>Hoe haal ik mijn reserverings- of racekaarten op?<\/h4>\n<p>[\/vc_column_text][vc_empty_space][vc_column_text css=&#8220;&#8220;]Je kunt reserveringskaarten en racecards verkrijgen bij onze reserveringsbalies tijdens de openingstijden die op onze website staan vermeld.<\/p>\n<ul>\n<li>Voor aanvang van het evenement: Brunshofstra\u00dfe 1, luchthaven M\u00fclheim\/Essen<\/li>\n<li>Vanaf de 1e dag van het evenement: direct aan de kassa op het terrein van de Oktoberfest-tent (kassa)<\/li>\n<\/ul>\n<p>[\/vc_column_text][vc_single_image image=&#8220;16488&#8243; img_size=&#8220;medium&#8220; alignment=&#8220;center&#8220; css=&#8220;.vc_custom_1571584198249{margin-top: 32px !important;}&#8220; qode_css_animation=&#8220;&#8220;][vc_empty_space][\/vc_column_inner][\/vc_row_inner][vc_row_inner row_type=&#8220;row&#8220; type=&#8220;full_width&#8220; text_align=&#8220;left&#8220; css_animation=&#8220;&#8220;][vc_column_inner width=&#8220;1\/4&#8243;]<span data-type=\"square\" class=\"qode_icon_shortcode fa-stack q_font_awsome_icon_square fa-2x pull-center q_icon_animation\" style=\"background-color: #3f3b00;  \"><i class=\"qode_icon_font_awesome fa fa-ticket qode_icon_element\" style=\"\"><\/i><\/span>[\/vc_column_inner][vc_column_inner width=&#8220;3\/4&#8243;][vc_column_text css=&#8220;&#8220;]<\/p>\n<h4>Kan ik online race-tickets kopen of reserveren?<\/h4>\n<p>[\/vc_column_text][vc_empty_space][vc_column_text css=&#8220;&#8220;]Running tickets kunnen niet vooraf worden gereserveerd en zijn alleen ter plekke verkrijgbaar aan onze kassa zolang de voorraad strekt.[\/vc_column_text][vc_single_image image=&#8220;16488&#8243; img_size=&#8220;medium&#8220; alignment=&#8220;center&#8220; css=&#8220;.vc_custom_1571584198249{margin-top: 32px !important;}&#8220; qode_css_animation=&#8220;&#8220;][vc_empty_space][\/vc_column_inner][\/vc_row_inner][vc_row_inner row_type=&#8220;row&#8220; type=&#8220;full_width&#8220; text_align=&#8220;left&#8220; css_animation=&#8220;&#8220;][vc_column_inner width=&#8220;1\/4&#8243;]<span data-type=\"square\" class=\"qode_icon_shortcode fa-stack q_font_awsome_icon_square fa-2x pull-center q_icon_animation\" style=\"background-color: #3f3b00;  \"><i class=\"qode_icon_font_awesome fa fa-users qode_icon_element\" style=\"\"><\/i><\/span>[\/vc_column_inner][vc_column_inner width=&#8220;3\/4&#8243;][vc_column_text]<\/p>\n<h4>Kunnen we ook een tafel voor 10 personen reserveren?<\/h4>\n<p>[\/vc_column_text][vc_empty_space][vc_column_text]Als je met een groep van 10 personen een tafel wilt reserveren, reserveer dan gewoon online een tafel (voor 8 personen) en koop 2 extra losse kaartjes aan de kassa (zelfs de dag ervoor) (natuurlijk alleen zolang de voorraad strekt).[\/vc_column_text][vc_single_image image=&#8220;16488&#8243; img_size=&#8220;medium&#8220; alignment=&#8220;center&#8220; css=&#8220;.vc_custom_1571584198249{margin-top: 32px !important;}&#8220; qode_css_animation=&#8220;&#8220;][vc_empty_space][\/vc_column_inner][\/vc_row_inner][vc_row_inner row_type=&#8220;row&#8220; type=&#8220;full_width&#8220; text_align=&#8220;left&#8220; css_animation=&#8220;&#8220;][vc_column_inner width=&#8220;1\/4&#8243;]<span data-type=\"square\" class=\"qode_icon_shortcode fa-stack q_font_awsome_icon_square fa-2x pull-center q_icon_animation\" style=\"background-color: #3f3b00;  \"><i class=\"qode_icon_font_awesome fa fa-ticket qode_icon_element\" style=\"\"><\/i><\/span>[\/vc_column_inner][vc_column_inner width=&#8220;3\/4&#8243;][vc_column_text]<\/p>\n<h4>Wat is voor ons als groep de makkelijkste manier om aan tickets te komen?<\/h4>\n<p>[\/vc_column_text][vc_empty_space][vc_column_text]In plaats van een toegangsbewijs ontvang je een speciaal polsbandje. De polsbandjes voor een gereserveerde tafel worden alleen volledig uitgegeven en kunnen niet voor individuele personen aan de kassa worden afgegeven. Om de wachttijd bij de kassa te verkorten, kun je je polsbandjes afhalen bij de verkooppunten.<\/p>\n<p>Losse tickets kunnen ook worden gekocht bij het bekende boekingskantoor (Checkin Caf\u00e9 en Bar).[\/vc_column_text][vc_single_image image=&#8220;16488&#8243; img_size=&#8220;medium&#8220; alignment=&#8220;center&#8220; css=&#8220;.vc_custom_1571584198249{margin-top: 32px !important;}&#8220; qode_css_animation=&#8220;&#8220;][vc_empty_space][\/vc_column_inner][\/vc_row_inner][vc_row_inner row_type=&#8220;row&#8220; type=&#8220;full_width&#8220; text_align=&#8220;left&#8220; css_animation=&#8220;&#8220;][vc_column_inner width=&#8220;1\/4&#8243;]<span data-type=\"square\" class=\"qode_icon_shortcode fa-stack q_font_awsome_icon_square fa-2x pull-center q_icon_animation\" style=\"background-color: #3f3b00;  \"><i class=\"qode_icon_font_awesome fa fa-clock-o qode_icon_element\" style=\"\"><\/i><\/span>[\/vc_column_inner][vc_column_inner width=&#8220;3\/4&#8243;][vc_column_text]<\/p>\n<h4>Wat zijn de openingstijden van de kassa?<\/h4>\n<p>[\/vc_column_text][vc_empty_space][vc_column_text css=&#8220;&#8220;]De kassa van R\u00dc OKTOBERFEST (&#8216;balie&#8217;) is tijdens het evenement geopend vanaf \u00e9\u00e9n uur voor aanvang van het evenement tot middernacht.[\/vc_column_text][vc_single_image image=&#8220;16488&#8243; img_size=&#8220;medium&#8220; alignment=&#8220;center&#8220; css=&#8220;.vc_custom_1571584198249{margin-top: 32px !important;}&#8220; qode_css_animation=&#8220;&#8220;][vc_empty_space][\/vc_column_inner][\/vc_row_inner][vc_row_inner row_type=&#8220;row&#8220; type=&#8220;full_width&#8220; text_align=&#8220;left&#8220; css_animation=&#8220;&#8220;][vc_column_inner width=&#8220;1\/4&#8243;]<span data-type=\"square\" class=\"qode_icon_shortcode fa-stack q_font_awsome_icon_square fa-2x pull-center q_icon_animation\" style=\"background-color: #3f3b00;  \"><i class=\"qode_icon_font_awesome fa fa-credit-card qode_icon_element\" style=\"\"><\/i><\/span>[\/vc_column_inner][vc_column_inner width=&#8220;3\/4&#8243;][vc_column_text]<\/p>\n<h4>Kan ik ook aan de kassa en in de feesttent betalen met EC of creditcard?<\/h4>\n<p>[\/vc_column_text][vc_empty_space][vc_column_text]Betalingen in de feesttent en aan de kassa (bijv. aan de obers\/ serveersters) zijn alleen mogelijk in CASH. Helaas is er geen mogelijkheid om geld op te nemen uit een geldautomaat in de directe omgeving.[\/vc_column_text][vc_single_image image=&#8220;16488&#8243; img_size=&#8220;medium&#8220; alignment=&#8220;center&#8220; css=&#8220;.vc_custom_1571584198249{margin-top: 32px !important;}&#8220; qode_css_animation=&#8220;&#8220;][vc_empty_space][\/vc_column_inner][\/vc_row_inner][vc_row_inner row_type=&#8220;row&#8220; type=&#8220;full_width&#8220; text_align=&#8220;left&#8220; css_animation=&#8220;&#8220;][vc_column_inner width=&#8220;1\/4&#8243;]<span data-type=\"square\" class=\"qode_icon_shortcode fa-stack q_font_awsome_icon_square fa-2x pull-center q_icon_animation\" style=\"background-color: #3f3b00;  \"><i class=\"qode_icon_font_awesome fa fa-gavel qode_icon_element\" style=\"\"><\/i><\/span>[\/vc_column_inner][vc_column_inner width=&#8220;3\/4&#8243;][vc_column_text]<\/p>\n<h4>Vanaf welke leeftijd is toegang tot de feesttent toegestaan?<\/h4>\n<p>[\/vc_column_text][vc_empty_space][vc_column_text]De minimumleeftijd voor gasten van het R\u00fc Oktoberfest is 18 jaar.[\/vc_column_text][vc_single_image image=&#8220;16488&#8243; img_size=&#8220;medium&#8220; alignment=&#8220;center&#8220; css=&#8220;.vc_custom_1571584198249{margin-top: 32px !important;}&#8220; qode_css_animation=&#8220;&#8220;][vc_empty_space][\/vc_column_inner][\/vc_row_inner][vc_row_inner row_type=&#8220;row&#8220; type=&#8220;full_width&#8220; text_align=&#8220;left&#8220; css_animation=&#8220;&#8220;][vc_column_inner width=&#8220;1\/4&#8243;]<span data-type=\"square\" class=\"qode_icon_shortcode fa-stack q_font_awsome_icon_square fa-2x pull-center q_icon_animation\" style=\"background-color: #3f3b00;  \"><i class=\"qode_icon_font_awesome fa fa-street-view qode_icon_element\" style=\"\"><\/i><\/span>[\/vc_column_inner][vc_column_inner width=&#8220;3\/4&#8243;][vc_column_text]<\/p>\n<h4>Kan ik naar het festival komen zonder een typisch Beiers kostuum?<\/h4>\n<p>[\/vc_column_text][vc_empty_space][vc_column_text]Je zult zeker opvallen zonder een traditioneel kostuum, maar het is niet verplicht om deel te nemen aan de Gaudi.[\/vc_column_text][vc_single_image image=&#8220;16488&#8243; img_size=&#8220;medium&#8220; alignment=&#8220;center&#8220; css=&#8220;.vc_custom_1571584198249{margin-top: 32px !important;}&#8220; qode_css_animation=&#8220;&#8220;][vc_empty_space][\/vc_column_inner][\/vc_row_inner][vc_row_inner row_type=&#8220;row&#8220; type=&#8220;full_width&#8220; text_align=&#8220;left&#8220; css_animation=&#8220;&#8220;][vc_column_inner width=&#8220;1\/4&#8243;]<span data-type=\"square\" class=\"qode_icon_shortcode fa-stack q_font_awsome_icon_square fa-2x pull-center q_icon_animation\" style=\"background-color: #3f3b00;  \"><i class=\"qode_icon_font_awesome fa fa-credit-card-alt qode_icon_element\" style=\"\"><\/i><\/span>[\/vc_column_inner][vc_column_inner width=&#8220;3\/4&#8243;][vc_column_text]<\/p>\n<h4>Hoe kan ik in de feesttent betalen?<\/h4>\n<p>[\/vc_column_text][vc_empty_space][vc_column_text]In de feesttent kun je zowel contant betalen als met onze eigen munteenheid, de R\u00fc Talers.[\/vc_column_text][vc_single_image image=&#8220;16488&#8243; img_size=&#8220;medium&#8220; alignment=&#8220;center&#8220; css=&#8220;.vc_custom_1571584198249{margin-top: 32px !important;}&#8220; qode_css_animation=&#8220;&#8220;][vc_empty_space][\/vc_column_inner][\/vc_row_inner][vc_row_inner row_type=&#8220;row&#8220; type=&#8220;full_width&#8220; text_align=&#8220;left&#8220; css_animation=&#8220;&#8220;][vc_column_inner width=&#8220;1\/4&#8243;]<span data-type=\"square\" class=\"qode_icon_shortcode fa-stack q_font_awsome_icon_square fa-2x pull-center q_icon_animation\" style=\"background-color: #3f3b00;  \"><i class=\"qode_icon_font_awesome fa fa-pencil qode_icon_element\" style=\"\"><\/i><\/span>[\/vc_column_inner][vc_column_inner width=&#8220;3\/4&#8243;][vc_column_text]<\/p>\n<h4>Hoe krijg ik een ontvangstbewijs?<\/h4>\n<p>[\/vc_column_text][vc_empty_space][vc_column_text]Je krijgt alleen een kassabon voor de R\u00dc-Taler die je tot 20.00 uur aan onze balie hebt gekocht.<br \/>Onze R\u00dc-Taler worden in de tent als contant geld behandeld.[\/vc_column_text][vc_single_image image=&#8220;16488&#8243; img_size=&#8220;medium&#8220; alignment=&#8220;center&#8220; css=&#8220;.vc_custom_1571584198249{margin-top: 32px !important;}&#8220; qode_css_animation=&#8220;&#8220;][vc_empty_space][\/vc_column_inner][\/vc_row_inner][vc_separator type=&#8220;normal&#8220; up=&#8220;64px&#8220;][vc_separator type=&#8220;normal&#8220; up=&#8220;64px&#8220;][\/vc_column][\/vc_row]<\/p>\n<\/div>\n<\/div>\n<\/div>\n<\/div>","protected":false},"excerpt":{"rendered":"<p>[vc_row css_animation=&#8220;&#8220; row_type=&#8220;row&#8220; use_row_as_full_screen_section=&#8220;no&#8220; type=&#8220;full_width&#8220; angled_section=&#8220;no&#8220; text_align=&#8220;left&#8220; background_image_as_pattern=&#8220;without_pattern&#8220;][vc_column][vc_column_text] Veelgestelde vragen (FAQ) [\/vc_column_text][vc_empty_space][\/vc_column][\/vc_row][vc_row css_animation=&#8220;&#8220; row_type=&#8220;row&#8220; use_row_as_full_screen_section=&#8220;no&#8220; type=&#8220;full_width&#8220; angled_section=&#8220;no&#8220; text_align=&#8220;left&#8220; background_image_as_pattern=&#8220;without_pattern&#8220; css=&#8220;.vc_custom_1571584165014{margin-top: 32px !important;}&#8220; z_index=&#8220;&#8220;][vc_column][vc_row_inner row_type=&#8220;row&#8220; type=&#8220;full_width&#8220; text_align=&#8220;left&#8220; css_animation=&#8220;&#8220;][vc_column_inner width=&#8220;1\/4&#8243;][\/vc_column_inner][vc_column_inner width=&#8220;3\/4&#8243;][vc_column_text css=&#8220;&#8220;] Hoe haal ik mijn reserverings- of racekaarten op? [\/vc_column_text][vc_empty_space][vc_column_text css=&#8220;&#8220;]Je kunt reserveringskaarten en racecards verkrijgen&#8230;<\/p>\n","protected":false},"author":10,"featured_media":0,"parent":0,"menu_order":0,"comment_status":"closed","ping_status":"closed","template":"","meta":{"footnotes":""},"class_list":["post-18164","page","type-page","status-publish","hentry"],"yoast_head":"<!-- This site is optimized with the Yoast SEO plugin v27.4 - https:\/\/yoast.com\/product\/yoast-seo-wordpress\/ -->\n<title>FAQ: Veelgestelde vragen over het R\u00dc Oktoberfest Ruhrgebied<\/title>\n<meta name=\"description\" content=\"Antwoorden op de meest gestelde vragen over het R\u00dc Oktoberfest: tickets, openingstijden, betaling, klederdracht, minimumleeftijd en routebeschrijving in \u00e9\u00e9n oogopslag.\" \/>\n<meta name=\"robots\" content=\"index, follow, max-snippet:-1, max-image-preview:large, max-video-preview:-1\" \/>\n<link rel=\"canonical\" href=\"https:\/\/rue-oktoberfest.de\/nl\/veelgestelde-vragen\/\" \/>\n<meta property=\"og:locale\" content=\"nl_NL\" \/>\n<meta property=\"og:type\" content=\"article\" \/>\n<meta property=\"og:title\" content=\"FAQ: Veelgestelde vragen over het R\u00dc Oktoberfest Ruhrgebied\" \/>\n<meta property=\"og:description\" content=\"Antwoorden op de meest gestelde vragen over het R\u00dc Oktoberfest: tickets, openingstijden, betaling, klederdracht, minimumleeftijd en routebeschrijving in \u00e9\u00e9n oogopslag.\" \/>\n<meta property=\"og:url\" content=\"https:\/\/rue-oktoberfest.de\/nl\/veelgestelde-vragen\/\" \/>\n<meta property=\"og:site_name\" content=\"R\u00dc Oktoberfest\" \/>\n<meta property=\"article:modified_time\" content=\"2026-04-23T12:35:47+00:00\" \/>\n<meta name=\"twitter:card\" content=\"summary_large_image\" \/>\n<meta name=\"twitter:label1\" content=\"Geschatte leestijd\" \/>\n\t<meta name=\"twitter:data1\" content=\"6 minuten\" \/>\n<script type=\"application\/ld+json\" class=\"yoast-schema-graph\">{\"@context\":\"https:\\\/\\\/schema.org\",\"@graph\":[{\"@type\":\"WebPage\",\"@id\":\"https:\\\/\\\/rue-oktoberfest.de\\\/nl\\\/veelgestelde-vragen\\\/\",\"url\":\"https:\\\/\\\/rue-oktoberfest.de\\\/nl\\\/veelgestelde-vragen\\\/\",\"name\":\"FAQ: Veelgestelde vragen over het R\u00dc Oktoberfest Ruhrgebied\",\"isPartOf\":{\"@id\":\"https:\\\/\\\/rue-oktoberfest.de\\\/#website\"},\"datePublished\":\"2015-04-23T21:21:02+00:00\",\"dateModified\":\"2026-04-23T12:35:47+00:00\",\"description\":\"Antwoorden op de meest gestelde vragen over het R\u00dc Oktoberfest: tickets, openingstijden, betaling, klederdracht, minimumleeftijd en routebeschrijving in \u00e9\u00e9n oogopslag.\",\"breadcrumb\":{\"@id\":\"https:\\\/\\\/rue-oktoberfest.de\\\/nl\\\/veelgestelde-vragen\\\/#breadcrumb\"},\"inLanguage\":\"nl-NL\",\"potentialAction\":[{\"@type\":\"ReadAction\",\"target\":[\"https:\\\/\\\/rue-oktoberfest.de\\\/nl\\\/veelgestelde-vragen\\\/\"]}]},{\"@type\":\"BreadcrumbList\",\"@id\":\"https:\\\/\\\/rue-oktoberfest.de\\\/nl\\\/veelgestelde-vragen\\\/#breadcrumb\",\"itemListElement\":[{\"@type\":\"ListItem\",\"position\":1,\"name\":\"Startseite\",\"item\":\"https:\\\/\\\/rue-oktoberfest.de\\\/nl\\\/\"},{\"@type\":\"ListItem\",\"position\":2,\"name\":\"Veelgestelde vragen\"}]},{\"@type\":\"WebSite\",\"@id\":\"https:\\\/\\\/rue-oktoberfest.de\\\/#website\",\"url\":\"https:\\\/\\\/rue-oktoberfest.de\\\/\",\"name\":\"R\u00dc Oktoberfest\",\"description\":\"das R\u00dc Oktoberfest in Essen\",\"potentialAction\":[{\"@type\":\"SearchAction\",\"target\":{\"@type\":\"EntryPoint\",\"urlTemplate\":\"https:\\\/\\\/rue-oktoberfest.de\\\/?s={search_term_string}\"},\"query-input\":{\"@type\":\"PropertyValueSpecification\",\"valueRequired\":true,\"valueName\":\"search_term_string\"}}],\"inLanguage\":\"nl-NL\"}]}<\/script>\n<!-- \/ Yoast SEO plugin. -->","yoast_head_json":{"title":"FAQ: Veelgestelde vragen over het R\u00dc Oktoberfest Ruhrgebied","description":"Antwoorden op de meest gestelde vragen over het R\u00dc Oktoberfest: tickets, openingstijden, betaling, klederdracht, minimumleeftijd en routebeschrijving in \u00e9\u00e9n oogopslag.","robots":{"index":"index","follow":"follow","max-snippet":"max-snippet:-1","max-image-preview":"max-image-preview:large","max-video-preview":"max-video-preview:-1"},"canonical":"https:\/\/rue-oktoberfest.de\/nl\/veelgestelde-vragen\/","og_locale":"nl_NL","og_type":"article","og_title":"FAQ: Veelgestelde vragen over het R\u00dc Oktoberfest Ruhrgebied","og_description":"Antwoorden op de meest gestelde vragen over het R\u00dc Oktoberfest: tickets, openingstijden, betaling, klederdracht, minimumleeftijd en routebeschrijving in \u00e9\u00e9n oogopslag.","og_url":"https:\/\/rue-oktoberfest.de\/nl\/veelgestelde-vragen\/","og_site_name":"R\u00dc Oktoberfest","article_modified_time":"2026-04-23T12:35:47+00:00","twitter_card":"summary_large_image","twitter_misc":{"Geschatte leestijd":"6 minuten"},"schema":{"@context":"https:\/\/schema.org","@graph":[{"@type":"WebPage","@id":"https:\/\/rue-oktoberfest.de\/nl\/veelgestelde-vragen\/","url":"https:\/\/rue-oktoberfest.de\/nl\/veelgestelde-vragen\/","name":"FAQ: Veelgestelde vragen over het R\u00dc Oktoberfest Ruhrgebied","isPartOf":{"@id":"https:\/\/rue-oktoberfest.de\/#website"},"datePublished":"2015-04-23T21:21:02+00:00","dateModified":"2026-04-23T12:35:47+00:00","description":"Antwoorden op de meest gestelde vragen over het R\u00dc Oktoberfest: tickets, openingstijden, betaling, klederdracht, minimumleeftijd en routebeschrijving in \u00e9\u00e9n oogopslag.","breadcrumb":{"@id":"https:\/\/rue-oktoberfest.de\/nl\/veelgestelde-vragen\/#breadcrumb"},"inLanguage":"nl-NL","potentialAction":[{"@type":"ReadAction","target":["https:\/\/rue-oktoberfest.de\/nl\/veelgestelde-vragen\/"]}]},{"@type":"BreadcrumbList","@id":"https:\/\/rue-oktoberfest.de\/nl\/veelgestelde-vragen\/#breadcrumb","itemListElement":[{"@type":"ListItem","position":1,"name":"Startseite","item":"https:\/\/rue-oktoberfest.de\/nl\/"},{"@type":"ListItem","position":2,"name":"Veelgestelde vragen"}]},{"@type":"WebSite","@id":"https:\/\/rue-oktoberfest.de\/#website","url":"https:\/\/rue-oktoberfest.de\/","name":"R\u00dc Oktoberfest","description":"das R\u00dc Oktoberfest in Essen","potentialAction":[{"@type":"SearchAction","target":{"@type":"EntryPoint","urlTemplate":"https:\/\/rue-oktoberfest.de\/?s={search_term_string}"},"query-input":{"@type":"PropertyValueSpecification","valueRequired":true,"valueName":"search_term_string"}}],"inLanguage":"nl-NL"}]}},"_links":{"self":[{"href":"https:\/\/rue-oktoberfest.de\/nl\/wp-json\/wp\/v2\/pages\/18164","targetHints":{"allow":["GET"]}}],"collection":[{"href":"https:\/\/rue-oktoberfest.de\/nl\/wp-json\/wp\/v2\/pages"}],"about":[{"href":"https:\/\/rue-oktoberfest.de\/nl\/wp-json\/wp\/v2\/types\/page"}],"author":[{"embeddable":true,"href":"https:\/\/rue-oktoberfest.de\/nl\/wp-json\/wp\/v2\/users\/10"}],"replies":[{"embeddable":true,"href":"https:\/\/rue-oktoberfest.de\/nl\/wp-json\/wp\/v2\/comments?post=18164"}],"version-history":[{"count":14,"href":"https:\/\/rue-oktoberfest.de\/nl\/wp-json\/wp\/v2\/pages\/18164\/revisions"}],"predecessor-version":[{"id":22646,"href":"https:\/\/rue-oktoberfest.de\/nl\/wp-json\/wp\/v2\/pages\/18164\/revisions\/22646"}],"wp:attachment":[{"href":"https:\/\/rue-oktoberfest.de\/nl\/wp-json\/wp\/v2\/media?parent=18164"}],"curies":[{"name":"wp","href":"https:\/\/api.w.org\/{rel}","templated":true}]}}