{"id":18181,"date":"2015-06-08T23:52:38","date_gmt":"2015-06-08T21:52:38","guid":{"rendered":"https:\/\/rue-oktoberfest.de\/eten-en-drinken\/"},"modified":"2026-03-24T13:48:10","modified_gmt":"2026-03-24T12:48:10","slug":"eten-en-drinken","status":"publish","type":"page","link":"https:\/\/rue-oktoberfest.de\/nl\/eten-en-drinken\/","title":{"rendered":"Eten en drinken"},"content":{"rendered":"<div class=\"wpb-content-wrapper\"><p>[vc_row css_animation=&#8221;&#8221; row_type=&#8221;row&#8221; use_row_as_full_screen_section=&#8221;no&#8221; type=&#8221;full_width&#8221; angled_section=&#8221;no&#8221; text_align=&#8221;left&#8221; background_image_as_pattern=&#8221;without_pattern&#8221;][vc_column][vc_row_inner row_type=&#8221;row&#8221; type=&#8221;full_width&#8221; text_align=&#8221;left&#8221; css_animation=&#8221;&#8221;][vc_column_inner][vc_column_text]<\/p>\n<h2 style=\"text-align: center;\">Eten en drinken<\/h2>\n<p>[\/vc_column_text][vc_empty_space][\/vc_column_inner][\/vc_row_inner][\/vc_column][\/vc_row][vc_row css_animation=&#8221;&#8221; row_type=&#8221;row&#8221; use_row_as_full_screen_section=&#8221;no&#8221; type=&#8221;full_width&#8221; angled_section=&#8221;no&#8221; text_align=&#8221;left&#8221; background_image_as_pattern=&#8221;without_pattern&#8221;][vc_column][vc_row_inner row_type=&#8221;row&#8221; type=&#8221;full_width&#8221; text_align=&#8221;left&#8221; css_animation=&#8221;&#8221;][vc_column_inner][vc_column_text]Beste R\u00fc Oktoberfest fijnproevers,<\/p>\n<p>&nbsp;<\/p>\n<p>Net als in voorgaande jaren verwennen we je met originele Beierse lekkernijen zoals halve kip, witte worst en andere Beierse specialiteiten! De culinaire excursie naar de Blauw\/Witte Vrijstaat wordt afgerond met onze originele K\u00f6nig Ludwig Hell &amp; diverse non-alcoholische drankjes! Onze 10-meter Champanger &amp; Cocktail counter biedt ook genoeg keuze voor de meer verfijnde smaakpapillen of een kleine verandering van hop &amp; mout.<\/p>\n<p><strong>Een kleine tip van ons<\/strong>; het is mogelijk om een feestelijk <strong>hapjesbord<\/strong> of een uitgebreide <strong>kaasselectie<\/strong> direct bij een tafelreservering te reserveren! Nadat onze meiden en jongens je hebben ontvangen, wordt de juiste basis gelegd.<\/p>\n<p>&nbsp;<\/p>\n<p>Uw R\u00fc Oktoberfest Team[\/vc_column_text][\/vc_column_inner][\/vc_row_inner][vc_row_inner row_type=&#8221;row&#8221; type=&#8221;full_width&#8221; text_align=&#8221;left&#8221; css_animation=&#8221;&#8221;][vc_column_inner][vc_empty_space height=&#8221;64px&#8221;][\/vc_column_inner][\/vc_row_inner][vc_row_inner row_type=&#8221;row&#8221; type=&#8221;full_width&#8221; text_align=&#8221;left&#8221; css_animation=&#8221;&#8221;][vc_column_inner width=&#8221;1\/4&#8243;]<br \/>\n[\/vc_column_inner][vc_column_inner width=&#8221;1\/4&#8243;][\/vc_column_inner][vc_column_inner width=&#8221;1\/4&#8243;][\/vc_column_inner][vc_column_inner width=&#8221;1\/4&#8243;]<br \/>\n[\/vc_column_inner][\/vc_row_inner][\/vc_column][\/vc_row][vc_row css_animation=&#8221;&#8221; row_type=&#8221;row&#8221; use_row_as_full_screen_section=&#8221;no&#8221; type=&#8221;full_width&#8221; angled_section=&#8221;no&#8221; text_align=&#8221;left&#8221; background_image_as_pattern=&#8221;without_pattern&#8221;][vc_column][vc_empty_space height=&#8221;64px&#8221;][\/vc_column][\/vc_row]<\/p>\n<\/div>","protected":false},"excerpt":{"rendered":"<p>[vc_row css_animation=&#8221;&#8221; row_type=&#8221;row&#8221; use_row_as_full_screen_section=&#8221;no&#8221; type=&#8221;full_width&#8221; angled_section=&#8221;no&#8221; text_align=&#8221;left&#8221; background_image_as_pattern=&#8221;without_pattern&#8221;][vc_column][vc_row_inner row_type=&#8221;row&#8221; type=&#8221;full_width&#8221; text_align=&#8221;left&#8221; css_animation=&#8221;&#8221;][vc_column_inner][vc_column_text] Eten en drinken [\/vc_column_text][vc_empty_space][\/vc_column_inner][\/vc_row_inner][\/vc_column][\/vc_row][vc_row css_animation=&#8221;&#8221; row_type=&#8221;row&#8221; use_row_as_full_screen_section=&#8221;no&#8221; type=&#8221;full_width&#8221; angled_section=&#8221;no&#8221; text_align=&#8221;left&#8221; background_image_as_pattern=&#8221;without_pattern&#8221;][vc_column][vc_row_inner row_type=&#8221;row&#8221; type=&#8221;full_width&#8221; text_align=&#8221;left&#8221; css_animation=&#8221;&#8221;][vc_column_inner][vc_column_text]Beste R\u00fc Oktoberfest fijnproevers, &nbsp; Net als in voorgaande jaren verwennen we je met originele Beierse lekkernijen zoals halve&#8230;<\/p>\n","protected":false},"author":10,"featured_media":0,"parent":0,"menu_order":0,"comment_status":"closed","ping_status":"closed","template":"","meta":{"footnotes":""},"class_list":["post-18181","page","type-page","status-publish","hentry"],"yoast_head":"<!-- This site is optimized with the Yoast SEO plugin v27.5 - https:\/\/yoast.com\/product\/yoast-seo-wordpress\/ -->\n<title>Eten en drinken op het R\u00dc Oktoberfest 2026<\/title>\n<meta name=\"description\" content=\"Beierse lekkernijen, K\u00f6nig Ludwig Hell van de tap en cocktails op het R\u00dc Oktoberfest 2026. Tafelreservering inclusief snackplateau boekbaar.\" \/>\n<meta name=\"robots\" content=\"index, follow, max-snippet:-1, max-image-preview:large, max-video-preview:-1\" \/>\n<link rel=\"canonical\" href=\"https:\/\/rue-oktoberfest.de\/nl\/eten-en-drinken\/\" \/>\n<meta property=\"og:locale\" content=\"nl_NL\" \/>\n<meta property=\"og:type\" content=\"article\" \/>\n<meta property=\"og:title\" content=\"Eten en drinken op het R\u00dc Oktoberfest 2026\" \/>\n<meta property=\"og:description\" content=\"Beierse lekkernijen, K\u00f6nig Ludwig Hell van de tap en cocktails op het R\u00dc Oktoberfest 2026. Tafelreservering inclusief snackplateau boekbaar.\" \/>\n<meta property=\"og:url\" content=\"https:\/\/rue-oktoberfest.de\/nl\/eten-en-drinken\/\" \/>\n<meta property=\"og:site_name\" content=\"R\u00dc Oktoberfest\" \/>\n<meta property=\"article:modified_time\" content=\"2026-03-24T12:48:10+00:00\" \/>\n<meta name=\"twitter:card\" content=\"summary_large_image\" \/>\n<meta name=\"twitter:label1\" content=\"Geschatte leestijd\" \/>\n\t<meta name=\"twitter:data1\" content=\"2 minuten\" \/>\n<script type=\"application\/ld+json\" class=\"yoast-schema-graph\">{\"@context\":\"https:\\\/\\\/schema.org\",\"@graph\":[{\"@type\":\"WebPage\",\"@id\":\"https:\\\/\\\/rue-oktoberfest.de\\\/nl\\\/eten-en-drinken\\\/\",\"url\":\"https:\\\/\\\/rue-oktoberfest.de\\\/nl\\\/eten-en-drinken\\\/\",\"name\":\"Eten en drinken op het R\u00dc Oktoberfest 2026\",\"isPartOf\":{\"@id\":\"https:\\\/\\\/rue-oktoberfest.de\\\/#website\"},\"datePublished\":\"2015-06-08T21:52:38+00:00\",\"dateModified\":\"2026-03-24T12:48:10+00:00\",\"description\":\"Beierse lekkernijen, K\u00f6nig Ludwig Hell van de tap en cocktails op het R\u00dc Oktoberfest 2026. Tafelreservering inclusief snackplateau boekbaar.\",\"breadcrumb\":{\"@id\":\"https:\\\/\\\/rue-oktoberfest.de\\\/nl\\\/eten-en-drinken\\\/#breadcrumb\"},\"inLanguage\":\"nl-NL\",\"potentialAction\":[{\"@type\":\"ReadAction\",\"target\":[\"https:\\\/\\\/rue-oktoberfest.de\\\/nl\\\/eten-en-drinken\\\/\"]}]},{\"@type\":\"BreadcrumbList\",\"@id\":\"https:\\\/\\\/rue-oktoberfest.de\\\/nl\\\/eten-en-drinken\\\/#breadcrumb\",\"itemListElement\":[{\"@type\":\"ListItem\",\"position\":1,\"name\":\"Startseite\",\"item\":\"https:\\\/\\\/rue-oktoberfest.de\\\/nl\\\/\"},{\"@type\":\"ListItem\",\"position\":2,\"name\":\"Eten en drinken\"}]},{\"@type\":\"WebSite\",\"@id\":\"https:\\\/\\\/rue-oktoberfest.de\\\/#website\",\"url\":\"https:\\\/\\\/rue-oktoberfest.de\\\/\",\"name\":\"R\u00dc Oktoberfest\",\"description\":\"das R\u00dc Oktoberfest in Essen\",\"potentialAction\":[{\"@type\":\"SearchAction\",\"target\":{\"@type\":\"EntryPoint\",\"urlTemplate\":\"https:\\\/\\\/rue-oktoberfest.de\\\/?s={search_term_string}\"},\"query-input\":{\"@type\":\"PropertyValueSpecification\",\"valueRequired\":true,\"valueName\":\"search_term_string\"}}],\"inLanguage\":\"nl-NL\"}]}<\/script>\n<!-- \/ Yoast SEO plugin. -->","yoast_head_json":{"title":"Eten en drinken op het R\u00dc Oktoberfest 2026","description":"Beierse lekkernijen, K\u00f6nig Ludwig Hell van de tap en cocktails op het R\u00dc Oktoberfest 2026. Tafelreservering inclusief snackplateau boekbaar.","robots":{"index":"index","follow":"follow","max-snippet":"max-snippet:-1","max-image-preview":"max-image-preview:large","max-video-preview":"max-video-preview:-1"},"canonical":"https:\/\/rue-oktoberfest.de\/nl\/eten-en-drinken\/","og_locale":"nl_NL","og_type":"article","og_title":"Eten en drinken op het R\u00dc Oktoberfest 2026","og_description":"Beierse lekkernijen, K\u00f6nig Ludwig Hell van de tap en cocktails op het R\u00dc Oktoberfest 2026. Tafelreservering inclusief snackplateau boekbaar.","og_url":"https:\/\/rue-oktoberfest.de\/nl\/eten-en-drinken\/","og_site_name":"R\u00dc Oktoberfest","article_modified_time":"2026-03-24T12:48:10+00:00","twitter_card":"summary_large_image","twitter_misc":{"Geschatte leestijd":"2 minuten"},"schema":{"@context":"https:\/\/schema.org","@graph":[{"@type":"WebPage","@id":"https:\/\/rue-oktoberfest.de\/nl\/eten-en-drinken\/","url":"https:\/\/rue-oktoberfest.de\/nl\/eten-en-drinken\/","name":"Eten en drinken op het R\u00dc Oktoberfest 2026","isPartOf":{"@id":"https:\/\/rue-oktoberfest.de\/#website"},"datePublished":"2015-06-08T21:52:38+00:00","dateModified":"2026-03-24T12:48:10+00:00","description":"Beierse lekkernijen, K\u00f6nig Ludwig Hell van de tap en cocktails op het R\u00dc Oktoberfest 2026. Tafelreservering inclusief snackplateau boekbaar.","breadcrumb":{"@id":"https:\/\/rue-oktoberfest.de\/nl\/eten-en-drinken\/#breadcrumb"},"inLanguage":"nl-NL","potentialAction":[{"@type":"ReadAction","target":["https:\/\/rue-oktoberfest.de\/nl\/eten-en-drinken\/"]}]},{"@type":"BreadcrumbList","@id":"https:\/\/rue-oktoberfest.de\/nl\/eten-en-drinken\/#breadcrumb","itemListElement":[{"@type":"ListItem","position":1,"name":"Startseite","item":"https:\/\/rue-oktoberfest.de\/nl\/"},{"@type":"ListItem","position":2,"name":"Eten en drinken"}]},{"@type":"WebSite","@id":"https:\/\/rue-oktoberfest.de\/#website","url":"https:\/\/rue-oktoberfest.de\/","name":"R\u00dc Oktoberfest","description":"das R\u00dc Oktoberfest in Essen","potentialAction":[{"@type":"SearchAction","target":{"@type":"EntryPoint","urlTemplate":"https:\/\/rue-oktoberfest.de\/?s={search_term_string}"},"query-input":{"@type":"PropertyValueSpecification","valueRequired":true,"valueName":"search_term_string"}}],"inLanguage":"nl-NL"}]}},"_links":{"self":[{"href":"https:\/\/rue-oktoberfest.de\/nl\/wp-json\/wp\/v2\/pages\/18181","targetHints":{"allow":["GET"]}}],"collection":[{"href":"https:\/\/rue-oktoberfest.de\/nl\/wp-json\/wp\/v2\/pages"}],"about":[{"href":"https:\/\/rue-oktoberfest.de\/nl\/wp-json\/wp\/v2\/types\/page"}],"author":[{"embeddable":true,"href":"https:\/\/rue-oktoberfest.de\/nl\/wp-json\/wp\/v2\/users\/10"}],"replies":[{"embeddable":true,"href":"https:\/\/rue-oktoberfest.de\/nl\/wp-json\/wp\/v2\/comments?post=18181"}],"version-history":[{"count":6,"href":"https:\/\/rue-oktoberfest.de\/nl\/wp-json\/wp\/v2\/pages\/18181\/revisions"}],"predecessor-version":[{"id":18339,"href":"https:\/\/rue-oktoberfest.de\/nl\/wp-json\/wp\/v2\/pages\/18181\/revisions\/18339"}],"wp:attachment":[{"href":"https:\/\/rue-oktoberfest.de\/nl\/wp-json\/wp\/v2\/media?parent=18181"}],"curies":[{"name":"wp","href":"https:\/\/api.w.org\/{rel}","templated":true}]}}