{"id":18182,"date":"2015-06-08T23:33:22","date_gmt":"2015-06-08T21:33:22","guid":{"rendered":"https:\/\/rue-oktoberfest.de\/locatie\/"},"modified":"2026-03-24T13:41:04","modified_gmt":"2026-03-24T12:41:04","slug":"locatie","status":"publish","type":"page","link":"https:\/\/rue-oktoberfest.de\/nl\/locatie\/","title":{"rendered":"Locatie"},"content":{"rendered":"<div class=\"wpb-content-wrapper\"><p>[vc_row css_animation=&#8221;&#8221; row_type=&#8221;row&#8221; use_row_as_full_screen_section=&#8221;no&#8221; type=&#8221;full_width&#8221; angled_section=&#8221;no&#8221; text_align=&#8221;left&#8221; background_image_as_pattern=&#8221;without_pattern&#8221;][vc_column][vc_column_text]<\/p>\n<h2 style=\"text-align: center;\">Onze locatie<\/h2>\n<p>[\/vc_column_text][vc_empty_space][\/vc_column][\/vc_row][vc_row css_animation=&#8221;&#8221; row_type=&#8221;row&#8221; use_row_as_full_screen_section=&#8221;no&#8221; type=&#8221;full_width&#8221; angled_section=&#8221;no&#8221; text_align=&#8221;left&#8221; background_image_as_pattern=&#8221;without_pattern&#8221;][vc_column][vc_column_text css=&#8221;&#8221;]<\/p>\n<p style=\"text-align: center;\">De<a href=\"https:\/\/www.flughafen-essen-muelheim.de\/\" target=\"_blank\" rel=\"noopener noreferrer nofollow\"><br \/>\n  <strong> Luchthaven Essen\/M\u00fclheim <\/strong><br \/>\n<\/a>is een commerci\u00eble luchthaven in het zuidwesten van het Ruhrgebied tussen Essen en M\u00fclheim an der Ruhr. Het is van supraregionaal belang voor professionele pilotenopleidingen en dient als thuisbasis voor het nieuwe impactluchtschip &#8220;Zeppelin Hugo&#8221;.<\/p>\n<p style=\"text-align: center;\">Vooral met de bouw van de nieuwe Zeppelin-hangar maakte de <a href=\"https:\/\/www.wdl-gruppe.de\/\" target=\"_blank\" rel=\"noopener noreferrer nofollow\">WDL Group<\/a> een groot statement voor FEM als luchtvaartlocatie. Ook hier resulteerde de indrukwekkende architectuur en enorme omvang in een hybride gebruik als een duidelijk gevolg. Daarom dient de hangar niet alleen als grote garage voor het luchtschip &#8220;Theo&#8221; &amp; &#8220;Hugo&#8221;, maar worden er ook exclusieve evenementen in en rond georganiseerd.<\/p>\n<p style=\"text-align: center;\">Daarnaast biedt de luchthaven van Essen\/M\u00fclheim talloze bedrijven en clubs de mogelijkheid om hun passie voor vliegen uit te oefenen en is het ook een belangrijke locatie voor transplantatie- en reddingshelikopters.<\/p>\n<p style=\"text-align: center;\">Catering wordt ook verzorgd. Het <a href=\"https:\/\/www.checkin-cafe.de\/\" target=\"_blank\" rel=\"noopener noreferrer nofollow\">Checkin Caf\u00e9 <\/a> is een mooie en veelzijdige horecagelegenheid. Of het nu gaat om zondagse uitstapjes met een ontbijtbuffet vooraf of lunch achteraf, priv\u00e9feestjes of bedrijfsevenementen, er zijn talloze redenen voor een bezoek. De uitbreiding van de terrassen in het voorjaar van 2024 vergrootte niet alleen het uitzicht op het vliegveld, maar breidde ook het grote potentieel ervan verder uit.<\/p>\n<p>[\/vc_column_text][\/vc_column][\/vc_row][vc_row css_animation=&#8221;&#8221; row_type=&#8221;row&#8221; use_row_as_full_screen_section=&#8221;no&#8221; type=&#8221;full_width&#8221; angled_section=&#8221;no&#8221; text_align=&#8221;center&#8221; background_image_as_pattern=&#8221;without_pattern&#8221;][vc_column][vc_empty_space][vc_row_inner row_type=&#8221;row&#8221; type=&#8221;full_width&#8221; text_align=&#8221;left&#8221; css_animation=&#8221;&#8221;][vc_column_inner width=&#8221;1\/6&#8243;][\/vc_column_inner][vc_column_inner width=&#8221;2\/3&#8243;][vc_single_image image=&#8221;15976&#8243; img_size=&#8221;large&#8221; alignment=&#8221;center&#8221; style=&#8221;vc_box_shadow_border&#8221; qode_css_animation=&#8221;&#8221;][\/vc_column_inner][vc_column_inner width=&#8221;1\/6&#8243;][\/vc_column_inner][\/vc_row_inner][vc_empty_space height=&#8221;64px&#8221;][\/vc_column][\/vc_row]<\/p>\n<\/div>","protected":false},"excerpt":{"rendered":"<p>[vc_row css_animation=&#8221;&#8221; row_type=&#8221;row&#8221; use_row_as_full_screen_section=&#8221;no&#8221; type=&#8221;full_width&#8221; angled_section=&#8221;no&#8221; text_align=&#8221;left&#8221; background_image_as_pattern=&#8221;without_pattern&#8221;][vc_column][vc_column_text] Onze locatie [\/vc_column_text][vc_empty_space][\/vc_column][\/vc_row][vc_row css_animation=&#8221;&#8221; row_type=&#8221;row&#8221; use_row_as_full_screen_section=&#8221;no&#8221; type=&#8221;full_width&#8221; angled_section=&#8221;no&#8221; text_align=&#8221;left&#8221; background_image_as_pattern=&#8221;without_pattern&#8221;][vc_column][vc_column_text css=&#8221;&#8221;] De Luchthaven Essen\/M\u00fclheim is een commerci\u00eble luchthaven in het zuidwesten van het Ruhrgebied tussen Essen en M\u00fclheim an der Ruhr. Het is van supraregionaal belang voor&#8230;<\/p>\n","protected":false},"author":10,"featured_media":0,"parent":0,"menu_order":0,"comment_status":"closed","ping_status":"closed","template":"","meta":{"footnotes":""},"class_list":["post-18182","page","type-page","status-publish","hentry"],"yoast_head":"<!-- This site is optimized with the Yoast SEO plugin v27.4 - https:\/\/yoast.com\/product\/yoast-seo-wordpress\/ -->\n<title>Plaats: Luchthaven Essen\/M\u00fclheim op het R\u00dc Oktoberfest<\/title>\n<meta name=\"description\" content=\"Het R\u00dc Oktoberfest vindt plaats op de luchthaven van Essen\/M\u00fclheim. Unieke ambiance met Zeppelin-hangar en uitzicht op het asfalt in het Ruhrgebied.\" \/>\n<meta name=\"robots\" content=\"index, follow, max-snippet:-1, max-image-preview:large, max-video-preview:-1\" \/>\n<link rel=\"canonical\" href=\"https:\/\/rue-oktoberfest.de\/nl\/locatie\/\" \/>\n<meta property=\"og:locale\" content=\"nl_NL\" \/>\n<meta property=\"og:type\" content=\"article\" \/>\n<meta property=\"og:title\" content=\"Plaats: Luchthaven Essen\/M\u00fclheim op het R\u00dc Oktoberfest\" \/>\n<meta property=\"og:description\" content=\"Het R\u00dc Oktoberfest vindt plaats op de luchthaven van Essen\/M\u00fclheim. Unieke ambiance met Zeppelin-hangar en uitzicht op het asfalt in het Ruhrgebied.\" \/>\n<meta property=\"og:url\" content=\"https:\/\/rue-oktoberfest.de\/nl\/locatie\/\" \/>\n<meta property=\"og:site_name\" content=\"R\u00dc Oktoberfest\" \/>\n<meta property=\"article:modified_time\" content=\"2026-03-24T12:41:04+00:00\" \/>\n<meta name=\"twitter:card\" content=\"summary_large_image\" \/>\n<meta name=\"twitter:label1\" content=\"Geschatte leestijd\" \/>\n\t<meta name=\"twitter:data1\" content=\"2 minuten\" \/>\n<script type=\"application\/ld+json\" class=\"yoast-schema-graph\">{\"@context\":\"https:\\\/\\\/schema.org\",\"@graph\":[{\"@type\":\"WebPage\",\"@id\":\"https:\\\/\\\/rue-oktoberfest.de\\\/nl\\\/locatie\\\/\",\"url\":\"https:\\\/\\\/rue-oktoberfest.de\\\/nl\\\/locatie\\\/\",\"name\":\"Plaats: Luchthaven Essen\\\/M\u00fclheim op het R\u00dc Oktoberfest\",\"isPartOf\":{\"@id\":\"https:\\\/\\\/rue-oktoberfest.de\\\/#website\"},\"datePublished\":\"2015-06-08T21:33:22+00:00\",\"dateModified\":\"2026-03-24T12:41:04+00:00\",\"description\":\"Het R\u00dc Oktoberfest vindt plaats op de luchthaven van Essen\\\/M\u00fclheim. Unieke ambiance met Zeppelin-hangar en uitzicht op het asfalt in het Ruhrgebied.\",\"breadcrumb\":{\"@id\":\"https:\\\/\\\/rue-oktoberfest.de\\\/nl\\\/locatie\\\/#breadcrumb\"},\"inLanguage\":\"nl-NL\",\"potentialAction\":[{\"@type\":\"ReadAction\",\"target\":[\"https:\\\/\\\/rue-oktoberfest.de\\\/nl\\\/locatie\\\/\"]}]},{\"@type\":\"BreadcrumbList\",\"@id\":\"https:\\\/\\\/rue-oktoberfest.de\\\/nl\\\/locatie\\\/#breadcrumb\",\"itemListElement\":[{\"@type\":\"ListItem\",\"position\":1,\"name\":\"Startseite\",\"item\":\"https:\\\/\\\/rue-oktoberfest.de\\\/nl\\\/\"},{\"@type\":\"ListItem\",\"position\":2,\"name\":\"Locatie\"}]},{\"@type\":\"WebSite\",\"@id\":\"https:\\\/\\\/rue-oktoberfest.de\\\/#website\",\"url\":\"https:\\\/\\\/rue-oktoberfest.de\\\/\",\"name\":\"R\u00dc Oktoberfest\",\"description\":\"das R\u00dc Oktoberfest in Essen\",\"potentialAction\":[{\"@type\":\"SearchAction\",\"target\":{\"@type\":\"EntryPoint\",\"urlTemplate\":\"https:\\\/\\\/rue-oktoberfest.de\\\/?s={search_term_string}\"},\"query-input\":{\"@type\":\"PropertyValueSpecification\",\"valueRequired\":true,\"valueName\":\"search_term_string\"}}],\"inLanguage\":\"nl-NL\"}]}<\/script>\n<!-- \/ Yoast SEO plugin. -->","yoast_head_json":{"title":"Plaats: Luchthaven Essen\/M\u00fclheim op het R\u00dc Oktoberfest","description":"Het R\u00dc Oktoberfest vindt plaats op de luchthaven van Essen\/M\u00fclheim. Unieke ambiance met Zeppelin-hangar en uitzicht op het asfalt in het Ruhrgebied.","robots":{"index":"index","follow":"follow","max-snippet":"max-snippet:-1","max-image-preview":"max-image-preview:large","max-video-preview":"max-video-preview:-1"},"canonical":"https:\/\/rue-oktoberfest.de\/nl\/locatie\/","og_locale":"nl_NL","og_type":"article","og_title":"Plaats: Luchthaven Essen\/M\u00fclheim op het R\u00dc Oktoberfest","og_description":"Het R\u00dc Oktoberfest vindt plaats op de luchthaven van Essen\/M\u00fclheim. Unieke ambiance met Zeppelin-hangar en uitzicht op het asfalt in het Ruhrgebied.","og_url":"https:\/\/rue-oktoberfest.de\/nl\/locatie\/","og_site_name":"R\u00dc Oktoberfest","article_modified_time":"2026-03-24T12:41:04+00:00","twitter_card":"summary_large_image","twitter_misc":{"Geschatte leestijd":"2 minuten"},"schema":{"@context":"https:\/\/schema.org","@graph":[{"@type":"WebPage","@id":"https:\/\/rue-oktoberfest.de\/nl\/locatie\/","url":"https:\/\/rue-oktoberfest.de\/nl\/locatie\/","name":"Plaats: Luchthaven Essen\/M\u00fclheim op het R\u00dc Oktoberfest","isPartOf":{"@id":"https:\/\/rue-oktoberfest.de\/#website"},"datePublished":"2015-06-08T21:33:22+00:00","dateModified":"2026-03-24T12:41:04+00:00","description":"Het R\u00dc Oktoberfest vindt plaats op de luchthaven van Essen\/M\u00fclheim. Unieke ambiance met Zeppelin-hangar en uitzicht op het asfalt in het Ruhrgebied.","breadcrumb":{"@id":"https:\/\/rue-oktoberfest.de\/nl\/locatie\/#breadcrumb"},"inLanguage":"nl-NL","potentialAction":[{"@type":"ReadAction","target":["https:\/\/rue-oktoberfest.de\/nl\/locatie\/"]}]},{"@type":"BreadcrumbList","@id":"https:\/\/rue-oktoberfest.de\/nl\/locatie\/#breadcrumb","itemListElement":[{"@type":"ListItem","position":1,"name":"Startseite","item":"https:\/\/rue-oktoberfest.de\/nl\/"},{"@type":"ListItem","position":2,"name":"Locatie"}]},{"@type":"WebSite","@id":"https:\/\/rue-oktoberfest.de\/#website","url":"https:\/\/rue-oktoberfest.de\/","name":"R\u00dc Oktoberfest","description":"das R\u00dc Oktoberfest in Essen","potentialAction":[{"@type":"SearchAction","target":{"@type":"EntryPoint","urlTemplate":"https:\/\/rue-oktoberfest.de\/?s={search_term_string}"},"query-input":{"@type":"PropertyValueSpecification","valueRequired":true,"valueName":"search_term_string"}}],"inLanguage":"nl-NL"}]}},"_links":{"self":[{"href":"https:\/\/rue-oktoberfest.de\/nl\/wp-json\/wp\/v2\/pages\/18182","targetHints":{"allow":["GET"]}}],"collection":[{"href":"https:\/\/rue-oktoberfest.de\/nl\/wp-json\/wp\/v2\/pages"}],"about":[{"href":"https:\/\/rue-oktoberfest.de\/nl\/wp-json\/wp\/v2\/types\/page"}],"author":[{"embeddable":true,"href":"https:\/\/rue-oktoberfest.de\/nl\/wp-json\/wp\/v2\/users\/10"}],"replies":[{"embeddable":true,"href":"https:\/\/rue-oktoberfest.de\/nl\/wp-json\/wp\/v2\/comments?post=18182"}],"version-history":[{"count":20,"href":"https:\/\/rue-oktoberfest.de\/nl\/wp-json\/wp\/v2\/pages\/18182\/revisions"}],"predecessor-version":[{"id":22559,"href":"https:\/\/rue-oktoberfest.de\/nl\/wp-json\/wp\/v2\/pages\/18182\/revisions\/22559"}],"wp:attachment":[{"href":"https:\/\/rue-oktoberfest.de\/nl\/wp-json\/wp\/v2\/media?parent=18182"}],"curies":[{"name":"wp","href":"https:\/\/api.w.org\/{rel}","templated":true}]}}